{"id":8848,"date":"2024-09-12T10:02:21","date_gmt":"2024-09-12T02:02:21","guid":{"rendered":"https:\/\/www.ronboplastic.com\/index.php\/product\/plastic-cement-tree-planter-pots\/"},"modified":"2025-09-08T14:16:08","modified_gmt":"2025-09-08T06:16:08","slug":"pots-de-plantation-darbres-en-ciment-plastique","status":"publish","type":"product","link":"http:\/\/www.ronboplastic.com\/fr\/produit\/pots-de-plantation-darbres-en-ciment-plastique\/","title":{"rendered":"Pots de plantation d'arbres en ciment plastique"},"content":{"rendered":"<p>Nordic Big Size Hand Brush Cement Floor Tree Planter Pots est un pot de fleurs de style nordique en ciment bross\u00e9 \u00e0 la main utilis\u00e9 pour la d\u00e9coration du jardin. Ce pot de fleurs est de taille moyenne et peut accueillir des arbres plus grands, ajoutant une touche naturelle et moderne \u00e0 votre espace int\u00e9rieur et ext\u00e9rieur.<\/p>\n<p>Arguments de vente du produit :<\/p>\n<p>1. Design nordique : Ce pot de fleurs adopte un design nordique, simple et moderne. Son sol en ciment bross\u00e9 \u00e0 la main donne une texture unique \u00e0 l'ensemble, ce qui en fait un \u00e9l\u00e9ment phare de la d\u00e9coration de votre jardin.<\/p>\n<p>2. Convient aux grands arbres : Ce pot de fleurs a une taille spacieuse et peut accueillir de grands arbres, cr\u00e9ant ainsi un paysage saisissant dans les jardins ou les cours. Il offre suffisamment d'espace pour les racines et pr\u00e9sente de bonnes performances en mati\u00e8re de respiration et de drainage, ce qui favorise la croissance saine des arbres.<\/p>\n<p>3. Mat\u00e9riaux de haute qualit\u00e9 : Le pot de fleurs est fabriqu\u00e9 en ciment de haute qualit\u00e9, robuste et durable. Il peut r\u00e9sister \u00e0 diverses conditions climatiques et aux tests d'utilisation quotidienne, ce qui lui assure une longue dur\u00e9e de vie.<\/p>\n<p>4. Esth\u00e9tique et praticit\u00e9 : Ce pot de fleurs est \u00e0 la fois esth\u00e9tique et pratique. Son sol en ciment bross\u00e9 \u00e0 la main est non seulement conforme aux styles d\u00e9coratifs modernes, mais il s'int\u00e8gre \u00e9galement \u00e0 divers environnements int\u00e9rieurs et ext\u00e9rieurs. En m\u00eame temps, il est tr\u00e8s pratique \u00e0 nettoyer et \u00e0 entretenir, il suffit de l'essuyer doucement avec de l'eau et du savon.<\/p>\n<p>5. Choix id\u00e9al pour la d\u00e9coration du jardin : Qu'il s'agisse d'un jardin familial, d'une cour, d'un balcon ou d'un espace int\u00e9rieur, les pots de plantation d'arbres en ciment pour sol Nordic Big Size Hand Brush seront le choix id\u00e9al pour la d\u00e9coration de votre jardin. Son design de style nordique, ses mat\u00e9riaux de haute qualit\u00e9 et sa taille adapt\u00e9e aux grands arbres vous apporteront un effet de d\u00e9coration de jardin unique et accrocheur.<\/p>\n<p>Que vous souhaitiez ajouter une touche naturelle et moderne \u00e0 vos espaces int\u00e9rieurs ou ext\u00e9rieurs, le Nordic Big Size Hand Brush Cement Floor Tree Planter Pots peut r\u00e9pondre \u00e0 vos besoins. Son design unique, adapt\u00e9 \u00e0 la capacit\u00e9 des grands arbres, et la qualit\u00e9 durable du mat\u00e9riau vous apporteront un plaisir durable dans la d\u00e9coration de votre jardin.<\/p>\n<p><img loading=\"lazy\" decoding=\"async\" title=\"01\" src=\"https:\/\/www.ronboplastic.com\/wp-content\/uploads\/2025\/09\/202308081023140ecda09777af4f229743eb17d035ac4e.jpg\" alt=\"01\" width=\"800\" height=\"4295\" \/><\/p>\n<p><img loading=\"lazy\" decoding=\"async\" title=\"02\" src=\"https:\/\/www.ronboplastic.com\/wp-content\/uploads\/2025\/09\/202308081023140a064788591e45e788f23ec881879275.jpg\" alt=\"02\" width=\"800\" height=\"3946\" \/><\/p>\n<p><img loading=\"lazy\" decoding=\"async\" title=\"produit-800-207\" src=\"https:\/\/www.ronboplastic.com\/wp-content\/uploads\/2025\/09\/202205131612159a16ace32ec04133ae6f48e4dcaa3c85.jpg\" alt=\"Jardini\u00e8re en tonneau\" width=\"800\" height=\"207\" \/><\/p>\n<p>Hot Tags : nordic big size cement tree planter, suppliers, manufacturers, factory, wholesale, for sale<\/p>","protected":false},"excerpt":{"rendered":"<p>Ce pot de fleurs est de taille moyenne et peut accueillir des arbres plus grands, ajoutant une touche naturelle et moderne \u00e0 votre espace int\u00e9rieur et ext\u00e9rieur.<\/p>","protected":false},"featured_media":8852,"comment_status":"open","ping_status":"open","template":"","meta":[],"product_brand":[],"product_cat":[80],"product_tag":[79],"class_list":{"0":"post-8848","1":"product","2":"type-product","3":"status-publish","4":"has-post-thumbnail","6":"product_cat-decorative-potsampplanters","7":"product_tag-decorative-plant-pots","9":"first","10":"instock","11":"shipping-taxable","12":"product-type-simple"},"yoast_head":"<!-- This site is optimized with the Yoast SEO plugin v26.1.1 - https:\/\/yoast.com\/wordpress\/plugins\/seo\/ -->\n<title>Plastic Cement Tree Planter Pots - Ronbo Sunrise Pots &amp; Planters<\/title>\n<meta name=\"robots\" content=\"index, follow, max-snippet:-1, max-image-preview:large, max-video-preview:-1\" \/>\n<link rel=\"canonical\" href=\"http:\/\/www.ronboplastic.com\/fr\/produit\/pots-de-plantation-darbres-en-ciment-plastique\/\" \/>\n<meta property=\"og:locale\" content=\"fr_FR\" \/>\n<meta property=\"og:type\" content=\"article\" \/>\n<meta property=\"og:title\" content=\"Plastic Cement Tree Planter Pots - Ronbo Sunrise Pots &amp; Planters\" \/>\n<meta property=\"og:description\" content=\"This flowerpot is of moderate size and can accommodate larger trees, adding a natural and modern feel to your indoor and outdoor space.\" \/>\n<meta property=\"og:url\" content=\"http:\/\/www.ronboplastic.com\/fr\/produit\/pots-de-plantation-darbres-en-ciment-plastique\/\" \/>\n<meta property=\"og:site_name\" content=\"Ronbo Sunrise Pots &amp; Planters\" \/>\n<meta property=\"article:modified_time\" content=\"2025-09-08T06:16:08+00:00\" \/>\n<meta property=\"og:image\" content=\"https:\/\/www.ronboplastic.com\/wp-content\/uploads\/2025\/09\/1-3.jpg\" \/>\n\t<meta property=\"og:image:width\" content=\"800\" \/>\n\t<meta property=\"og:image:height\" content=\"800\" \/>\n\t<meta property=\"og:image:type\" content=\"image\/jpeg\" \/>\n<meta name=\"twitter:card\" content=\"summary_large_image\" \/>\n<meta name=\"twitter:label1\" content=\"Dur\u00e9e de lecture estim\u00e9e\" \/>\n\t<meta name=\"twitter:data1\" content=\"2 minutes\" \/>\n<script type=\"application\/ld+json\" class=\"yoast-schema-graph\">{\"@context\":\"https:\/\/schema.org\",\"@graph\":[{\"@type\":\"WebPage\",\"@id\":\"http:\/\/www.ronboplastic.com\/fr\/produit\/pots-de-plantation-darbres-en-ciment-plastique\/\",\"url\":\"http:\/\/www.ronboplastic.com\/fr\/produit\/pots-de-plantation-darbres-en-ciment-plastique\/\",\"name\":\"Plastic Cement Tree Planter Pots - Ronbo Sunrise Pots &amp; Planters\",\"isPartOf\":{\"@id\":\"https:\/\/www.ronboplastic.com\/#website\"},\"primaryImageOfPage\":{\"@id\":\"http:\/\/www.ronboplastic.com\/fr\/produit\/pots-de-plantation-darbres-en-ciment-plastique\/#primaryimage\"},\"image\":{\"@id\":\"http:\/\/www.ronboplastic.com\/fr\/produit\/pots-de-plantation-darbres-en-ciment-plastique\/#primaryimage\"},\"thumbnailUrl\":\"https:\/\/www.ronboplastic.com\/wp-content\/uploads\/2025\/09\/1-3.jpg\",\"datePublished\":\"2024-09-12T02:02:21+00:00\",\"dateModified\":\"2025-09-08T06:16:08+00:00\",\"breadcrumb\":{\"@id\":\"http:\/\/www.ronboplastic.com\/fr\/produit\/pots-de-plantation-darbres-en-ciment-plastique\/#breadcrumb\"},\"inLanguage\":\"fr-FR\",\"potentialAction\":[{\"@type\":\"ReadAction\",\"target\":[\"http:\/\/www.ronboplastic.com\/fr\/produit\/pots-de-plantation-darbres-en-ciment-plastique\/\"]}]},{\"@type\":\"ImageObject\",\"inLanguage\":\"fr-FR\",\"@id\":\"http:\/\/www.ronboplastic.com\/fr\/produit\/pots-de-plantation-darbres-en-ciment-plastique\/#primaryimage\",\"url\":\"https:\/\/www.ronboplastic.com\/wp-content\/uploads\/2025\/09\/1-3.jpg\",\"contentUrl\":\"https:\/\/www.ronboplastic.com\/wp-content\/uploads\/2025\/09\/1-3.jpg\",\"width\":800,\"height\":800,\"caption\":\"wholesale price plant pots\"},{\"@type\":\"BreadcrumbList\",\"@id\":\"http:\/\/www.ronboplastic.com\/fr\/produit\/pots-de-plantation-darbres-en-ciment-plastique\/#breadcrumb\",\"itemListElement\":[{\"@type\":\"ListItem\",\"position\":1,\"name\":\"\u9996\u9875\",\"item\":\"https:\/\/www.ronboplastic.com\/\"},{\"@type\":\"ListItem\",\"position\":2,\"name\":\"Products\",\"item\":\"http:\/\/www.ronboplastic.com\/products\/\"},{\"@type\":\"ListItem\",\"position\":3,\"name\":\"Plastic Cement Tree Planter Pots\"}]},{\"@type\":\"WebSite\",\"@id\":\"https:\/\/www.ronboplastic.com\/#website\",\"url\":\"https:\/\/www.ronboplastic.com\/\",\"name\":\"Ronbo Sunrise Pots &amp; Planters\",\"description\":\"Flower Pots &amp; Planters\",\"potentialAction\":[{\"@type\":\"SearchAction\",\"target\":{\"@type\":\"EntryPoint\",\"urlTemplate\":\"https:\/\/www.ronboplastic.com\/?s={search_term_string}\"},\"query-input\":{\"@type\":\"PropertyValueSpecification\",\"valueRequired\":true,\"valueName\":\"search_term_string\"}}],\"inLanguage\":\"fr-FR\"}]}<\/script>\n<!-- \/ Yoast SEO plugin. -->","yoast_head_json":{"title":"Plastic Cement Tree Planter Pots - Ronbo Sunrise Pots &amp; Planters","robots":{"index":"index","follow":"follow","max-snippet":"max-snippet:-1","max-image-preview":"max-image-preview:large","max-video-preview":"max-video-preview:-1"},"canonical":"http:\/\/www.ronboplastic.com\/fr\/produit\/pots-de-plantation-darbres-en-ciment-plastique\/","og_locale":"fr_FR","og_type":"article","og_title":"Plastic Cement Tree Planter Pots - Ronbo Sunrise Pots &amp; Planters","og_description":"This flowerpot is of moderate size and can accommodate larger trees, adding a natural and modern feel to your indoor and outdoor space.","og_url":"http:\/\/www.ronboplastic.com\/fr\/produit\/pots-de-plantation-darbres-en-ciment-plastique\/","og_site_name":"Ronbo Sunrise Pots &amp; Planters","article_modified_time":"2025-09-08T06:16:08+00:00","og_image":[{"width":800,"height":800,"url":"https:\/\/www.ronboplastic.com\/wp-content\/uploads\/2025\/09\/1-3.jpg","type":"image\/jpeg"}],"twitter_card":"summary_large_image","twitter_misc":{"Dur\u00e9e de lecture estim\u00e9e":"2 minutes"},"schema":{"@context":"https:\/\/schema.org","@graph":[{"@type":"WebPage","@id":"http:\/\/www.ronboplastic.com\/fr\/produit\/pots-de-plantation-darbres-en-ciment-plastique\/","url":"http:\/\/www.ronboplastic.com\/fr\/produit\/pots-de-plantation-darbres-en-ciment-plastique\/","name":"Plastic Cement Tree Planter Pots - Ronbo Sunrise Pots &amp; Planters","isPartOf":{"@id":"https:\/\/www.ronboplastic.com\/#website"},"primaryImageOfPage":{"@id":"http:\/\/www.ronboplastic.com\/fr\/produit\/pots-de-plantation-darbres-en-ciment-plastique\/#primaryimage"},"image":{"@id":"http:\/\/www.ronboplastic.com\/fr\/produit\/pots-de-plantation-darbres-en-ciment-plastique\/#primaryimage"},"thumbnailUrl":"https:\/\/www.ronboplastic.com\/wp-content\/uploads\/2025\/09\/1-3.jpg","datePublished":"2024-09-12T02:02:21+00:00","dateModified":"2025-09-08T06:16:08+00:00","breadcrumb":{"@id":"http:\/\/www.ronboplastic.com\/fr\/produit\/pots-de-plantation-darbres-en-ciment-plastique\/#breadcrumb"},"inLanguage":"fr-FR","potentialAction":[{"@type":"ReadAction","target":["http:\/\/www.ronboplastic.com\/fr\/produit\/pots-de-plantation-darbres-en-ciment-plastique\/"]}]},{"@type":"ImageObject","inLanguage":"fr-FR","@id":"http:\/\/www.ronboplastic.com\/fr\/produit\/pots-de-plantation-darbres-en-ciment-plastique\/#primaryimage","url":"https:\/\/www.ronboplastic.com\/wp-content\/uploads\/2025\/09\/1-3.jpg","contentUrl":"https:\/\/www.ronboplastic.com\/wp-content\/uploads\/2025\/09\/1-3.jpg","width":800,"height":800,"caption":"wholesale price plant pots"},{"@type":"BreadcrumbList","@id":"http:\/\/www.ronboplastic.com\/fr\/produit\/pots-de-plantation-darbres-en-ciment-plastique\/#breadcrumb","itemListElement":[{"@type":"ListItem","position":1,"name":"\u9996\u9875","item":"https:\/\/www.ronboplastic.com\/"},{"@type":"ListItem","position":2,"name":"Products","item":"http:\/\/www.ronboplastic.com\/products\/"},{"@type":"ListItem","position":3,"name":"Plastic Cement Tree Planter Pots"}]},{"@type":"WebSite","@id":"https:\/\/www.ronboplastic.com\/#website","url":"https:\/\/www.ronboplastic.com\/","name":"Ronbo Sunrise Pots &amp; Planters","description":"Pots de fleurs et jardini\u00e8res","potentialAction":[{"@type":"SearchAction","target":{"@type":"EntryPoint","urlTemplate":"https:\/\/www.ronboplastic.com\/?s={search_term_string}"},"query-input":{"@type":"PropertyValueSpecification","valueRequired":true,"valueName":"search_term_string"}}],"inLanguage":"fr-FR"}]}},"_links":{"self":[{"href":"http:\/\/www.ronboplastic.com\/fr\/wp-json\/wp\/v2\/product\/8848","targetHints":{"allow":["GET"]}}],"collection":[{"href":"http:\/\/www.ronboplastic.com\/fr\/wp-json\/wp\/v2\/product"}],"about":[{"href":"http:\/\/www.ronboplastic.com\/fr\/wp-json\/wp\/v2\/types\/product"}],"replies":[{"embeddable":true,"href":"http:\/\/www.ronboplastic.com\/fr\/wp-json\/wp\/v2\/comments?post=8848"}],"wp:featuredmedia":[{"embeddable":true,"href":"http:\/\/www.ronboplastic.com\/fr\/wp-json\/wp\/v2\/media\/8852"}],"wp:attachment":[{"href":"http:\/\/www.ronboplastic.com\/fr\/wp-json\/wp\/v2\/media?parent=8848"}],"wp:term":[{"taxonomy":"product_brand","embeddable":true,"href":"http:\/\/www.ronboplastic.com\/fr\/wp-json\/wp\/v2\/product_brand?post=8848"},{"taxonomy":"product_cat","embeddable":true,"href":"http:\/\/www.ronboplastic.com\/fr\/wp-json\/wp\/v2\/product_cat?post=8848"},{"taxonomy":"product_tag","embeddable":true,"href":"http:\/\/www.ronboplastic.com\/fr\/wp-json\/wp\/v2\/product_tag?post=8848"}],"curies":[{"name":"wp","href":"https:\/\/api.w.org\/{rel}","templated":true}]}}