{"id":8837,"date":"2024-09-12T09:54:37","date_gmt":"2024-09-12T01:54:37","guid":{"rendered":"https:\/\/www.ronboplastic.com\/index.php\/product\/matte-circular-succulent-planter\/"},"modified":"2025-09-08T14:16:04","modified_gmt":"2025-09-08T06:16:04","slug":"jardiniere-circulaire-matte-pour-succulentes","status":"publish","type":"product","link":"http:\/\/www.ronboplastic.com\/fr\/produit\/jardiniere-circulaire-matte-pour-succulentes\/","title":{"rendered":"Jardini\u00e8re circulaire matte pour succulentes"},"content":{"rendered":"<p>Plante succulente en argile circulaire mate La limitation successive de la plante en ciment est une sorte de pot de fleurs en imitation de ciment inspir\u00e9 par le design du pot de plante succulente en argile circulaire mate. Il est fabriqu\u00e9 \u00e0 l'aide de techniques sp\u00e9ciales, avec une apparence et une texture similaires \u00e0 celles du ciment, ce qui permet de pr\u00e9senter parfaitement un style naturel et primitif. Ce pot de fleurs convient parfaitement \u00e0 la culture de plantes succulentes et peut ajouter une d\u00e9coration unique \u00e0 votre espace int\u00e9rieur et ext\u00e9rieur.<\/p>\n<p>Arguments de vente du produit :<\/p>\n<p>1. Design unique en forme de ciment : Ce pot de fleurs pr\u00e9sente un aspect circulaire mat semblable \u00e0 celui du ciment, offrant une plate-forme d'exposition unique pour vos plantes. Son ton de chaux et sa texture d\u00e9licate le font para\u00eetre naturel et primitif dans la d\u00e9coration g\u00e9n\u00e9rale.<\/p>\n<p>2. Applicable aux plantes succulentes : la taille et la capacit\u00e9 du pot de fleurs conviennent parfaitement \u00e0 la plantation de plantes succulentes, telles que les cactus et les mousses succulentes. Il a une profondeur appropri\u00e9e et des trous d'a\u00e9ration, ce qui aide \u00e0 maintenir la sant\u00e9 et la croissance des racines de la plante.<\/p>\n<p>3. Mat\u00e9riaux de haute qualit\u00e9 : Le pot de fleurs est fabriqu\u00e9 en argile de haute qualit\u00e9, avec une texture robuste et durable. Il peut r\u00e9sister \u00e0 diverses conditions climatiques et aux tests d'utilisation quotidienne, ce qui lui assure une longue dur\u00e9e de vie.<\/p>\n<p>4. Simple et beau : Le design de ce pot de fleurs est simple et beau. Il s'adapte \u00e0 diff\u00e9rents styles de d\u00e9coration int\u00e9rieure et ext\u00e9rieure. Il peut ajouter une beaut\u00e9 naturelle \u00e0 votre maison, votre bureau, votre jardin, etc.<\/p>\n<p>5. Entretien facile : La surface mate du pot de fleurs le rend tr\u00e8s facile \u00e0 nettoyer et n'adh\u00e8re pas facilement \u00e0 la poussi\u00e8re. Il suffit de l'essuyer d\u00e9licatement avec de l'eau et du savon.<\/p>\n<p>En outre, il est tr\u00e8s pratique \u00e0 transporter et \u00e0 d\u00e9placer. Que ce soit \u00e0 l'int\u00e9rieur ou \u00e0 l'ext\u00e9rieur, la plante en argile circulaire Matte peut apporter un effet d'affichage unique pour votre plante succulente. Son design en imitation de ciment, ses mat\u00e9riaux de haute qualit\u00e9 et ses caract\u00e9ristiques d'entretien facile ajouteront une esth\u00e9tique naturelle et originale \u00e0 votre jardin, balcon ou espace int\u00e9rieur.<\/p>\n<p>&nbsp;<\/p>\n<p>&nbsp;<\/p>\n<p><img loading=\"lazy\" decoding=\"async\" title=\"01\" src=\"https:\/\/www.ronboplastic.com\/wp-content\/uploads\/2025\/09\/202308081007512d683bea17fe4f0f9158cf991026ab1f.jpg\" alt=\"01\" width=\"800\" height=\"4295\" \/><\/p>\n<p><img loading=\"lazy\" decoding=\"async\" title=\"02\" src=\"https:\/\/www.ronboplastic.com\/wp-content\/uploads\/2025\/09\/2023080810075092c01c6ed9c84fe7a932e01ec155648e.jpg\" alt=\"02\" width=\"800\" height=\"4397\" \/><\/p>\n<p><img loading=\"lazy\" decoding=\"async\" title=\"produit-800-207\" src=\"https:\/\/www.ronboplastic.com\/wp-content\/uploads\/2025\/09\/202205131612159a16ace32ec04133ae6f48e4dcaa3c85.jpg\" alt=\"Jardini\u00e8re en tonneau\" width=\"800\" height=\"207\" \/><\/p>\n<p>&nbsp;<\/p>\n<p>&nbsp;<\/p>\n<p class=\"productsTags\">Hot Tags : matte circulaire succulent planter, fournisseurs, fabricants, usine, wholesale, pour la vente<\/p>","protected":false},"excerpt":{"rendered":"<p>Plante succulente en argile circulaire mate La limitation successive de la plante en ciment est une sorte de pot de fleurs en imitation de ciment inspir\u00e9 par le design du pot de plante succulente en argile ronde mate.<\/p>","protected":false},"featured_media":8842,"comment_status":"open","ping_status":"open","template":"","meta":[],"product_brand":[],"product_cat":[80],"product_tag":[79],"class_list":{"0":"post-8837","1":"product","2":"type-product","3":"status-publish","4":"has-post-thumbnail","6":"product_cat-decorative-potsampplanters","7":"product_tag-decorative-plant-pots","9":"first","10":"instock","11":"shipping-taxable","12":"product-type-simple"},"yoast_head":"<!-- This site is optimized with the Yoast SEO plugin v26.1.1 - https:\/\/yoast.com\/wordpress\/plugins\/seo\/ -->\n<title>Matte Circular Succulent Planter - Ronbo Sunrise Pots &amp; Planters<\/title>\n<meta name=\"robots\" content=\"index, follow, max-snippet:-1, max-image-preview:large, max-video-preview:-1\" \/>\n<link rel=\"canonical\" href=\"https:\/\/www.ronboplastic.com\/fr\/produit\/jardiniere-circulaire-matte-pour-succulentes\/\" \/>\n<meta property=\"og:locale\" content=\"fr_FR\" \/>\n<meta property=\"og:type\" content=\"article\" \/>\n<meta property=\"og:title\" content=\"Matte Circular Succulent Planter - Ronbo Sunrise Pots &amp; Planters\" \/>\n<meta property=\"og:description\" content=\"Matte circular clay Succulent plant successive limitation cement plant is a kind of imitation cement flower pot inspired by the design of Matt round clay Succulent plant pot.\" \/>\n<meta property=\"og:url\" content=\"https:\/\/www.ronboplastic.com\/fr\/produit\/jardiniere-circulaire-matte-pour-succulentes\/\" \/>\n<meta property=\"og:site_name\" content=\"Ronbo Sunrise Pots &amp; Planters\" \/>\n<meta property=\"article:modified_time\" content=\"2025-09-08T06:16:04+00:00\" \/>\n<meta property=\"og:image\" content=\"https:\/\/www.ronboplastic.com\/wp-content\/uploads\/2025\/09\/1-2.jpg\" \/>\n\t<meta property=\"og:image:width\" content=\"800\" \/>\n\t<meta property=\"og:image:height\" content=\"800\" \/>\n\t<meta property=\"og:image:type\" content=\"image\/jpeg\" \/>\n<meta name=\"twitter:card\" content=\"summary_large_image\" \/>\n<meta name=\"twitter:label1\" content=\"Dur\u00e9e de lecture estim\u00e9e\" \/>\n\t<meta name=\"twitter:data1\" content=\"2 minutes\" \/>\n<script type=\"application\/ld+json\" class=\"yoast-schema-graph\">{\"@context\":\"https:\/\/schema.org\",\"@graph\":[{\"@type\":\"WebPage\",\"@id\":\"https:\/\/www.ronboplastic.com\/ru\/%d0%bf%d1%80%d0%be%d0%b4%d1%83%d0%ba%d1%82\/matte-circular-succulent-planter\/\",\"url\":\"https:\/\/www.ronboplastic.com\/ru\/%d0%bf%d1%80%d0%be%d0%b4%d1%83%d0%ba%d1%82\/matte-circular-succulent-planter\/\",\"name\":\"Matte Circular Succulent Planter - Ronbo Sunrise Pots &amp; Planters\",\"isPartOf\":{\"@id\":\"https:\/\/www.ronboplastic.com\/#website\"},\"primaryImageOfPage\":{\"@id\":\"https:\/\/www.ronboplastic.com\/ru\/%d0%bf%d1%80%d0%be%d0%b4%d1%83%d0%ba%d1%82\/matte-circular-succulent-planter\/#primaryimage\"},\"image\":{\"@id\":\"https:\/\/www.ronboplastic.com\/ru\/%d0%bf%d1%80%d0%be%d0%b4%d1%83%d0%ba%d1%82\/matte-circular-succulent-planter\/#primaryimage\"},\"thumbnailUrl\":\"https:\/\/www.ronboplastic.com\/wp-content\/uploads\/2025\/09\/1-2.jpg\",\"datePublished\":\"2024-09-12T01:54:37+00:00\",\"dateModified\":\"2025-09-08T06:16:04+00:00\",\"breadcrumb\":{\"@id\":\"https:\/\/www.ronboplastic.com\/ru\/%d0%bf%d1%80%d0%be%d0%b4%d1%83%d0%ba%d1%82\/matte-circular-succulent-planter\/#breadcrumb\"},\"inLanguage\":\"fr-FR\",\"potentialAction\":[{\"@type\":\"ReadAction\",\"target\":[\"https:\/\/www.ronboplastic.com\/ru\/%d0%bf%d1%80%d0%be%d0%b4%d1%83%d0%ba%d1%82\/matte-circular-succulent-planter\/\"]}]},{\"@type\":\"ImageObject\",\"inLanguage\":\"fr-FR\",\"@id\":\"https:\/\/www.ronboplastic.com\/ru\/%d0%bf%d1%80%d0%be%d0%b4%d1%83%d0%ba%d1%82\/matte-circular-succulent-planter\/#primaryimage\",\"url\":\"https:\/\/www.ronboplastic.com\/wp-content\/uploads\/2025\/09\/1-2.jpg\",\"contentUrl\":\"https:\/\/www.ronboplastic.com\/wp-content\/uploads\/2025\/09\/1-2.jpg\",\"width\":800,\"height\":800,\"caption\":\"wholesale plant pots supplier\"},{\"@type\":\"BreadcrumbList\",\"@id\":\"https:\/\/www.ronboplastic.com\/ru\/%d0%bf%d1%80%d0%be%d0%b4%d1%83%d0%ba%d1%82\/matte-circular-succulent-planter\/#breadcrumb\",\"itemListElement\":[{\"@type\":\"ListItem\",\"position\":1,\"name\":\"\u9996\u9875\",\"item\":\"https:\/\/www.ronboplastic.com\/\"},{\"@type\":\"ListItem\",\"position\":2,\"name\":\"Products\",\"item\":\"http:\/\/www.ronboplastic.com\/products\/\"},{\"@type\":\"ListItem\",\"position\":3,\"name\":\"Matte Circular Succulent Planter\"}]},{\"@type\":\"WebSite\",\"@id\":\"https:\/\/www.ronboplastic.com\/#website\",\"url\":\"https:\/\/www.ronboplastic.com\/\",\"name\":\"Ronbo Sunrise Pots &amp; Planters\",\"description\":\"Flower Pots &amp; Planters\",\"potentialAction\":[{\"@type\":\"SearchAction\",\"target\":{\"@type\":\"EntryPoint\",\"urlTemplate\":\"https:\/\/www.ronboplastic.com\/?s={search_term_string}\"},\"query-input\":{\"@type\":\"PropertyValueSpecification\",\"valueRequired\":true,\"valueName\":\"search_term_string\"}}],\"inLanguage\":\"fr-FR\"}]}<\/script>\n<!-- \/ Yoast SEO plugin. -->","yoast_head_json":{"title":"Matte Circular Succulent Planter - Ronbo Sunrise Pots &amp; Planters","robots":{"index":"index","follow":"follow","max-snippet":"max-snippet:-1","max-image-preview":"max-image-preview:large","max-video-preview":"max-video-preview:-1"},"canonical":"https:\/\/www.ronboplastic.com\/fr\/produit\/jardiniere-circulaire-matte-pour-succulentes\/","og_locale":"fr_FR","og_type":"article","og_title":"Matte Circular Succulent Planter - Ronbo Sunrise Pots &amp; Planters","og_description":"Matte circular clay Succulent plant successive limitation cement plant is a kind of imitation cement flower pot inspired by the design of Matt round clay Succulent plant pot.","og_url":"https:\/\/www.ronboplastic.com\/fr\/produit\/jardiniere-circulaire-matte-pour-succulentes\/","og_site_name":"Ronbo Sunrise Pots &amp; Planters","article_modified_time":"2025-09-08T06:16:04+00:00","og_image":[{"width":800,"height":800,"url":"https:\/\/www.ronboplastic.com\/wp-content\/uploads\/2025\/09\/1-2.jpg","type":"image\/jpeg"}],"twitter_card":"summary_large_image","twitter_misc":{"Dur\u00e9e de lecture estim\u00e9e":"2 minutes"},"schema":{"@context":"https:\/\/schema.org","@graph":[{"@type":"WebPage","@id":"https:\/\/www.ronboplastic.com\/ru\/%d0%bf%d1%80%d0%be%d0%b4%d1%83%d0%ba%d1%82\/matte-circular-succulent-planter\/","url":"https:\/\/www.ronboplastic.com\/ru\/%d0%bf%d1%80%d0%be%d0%b4%d1%83%d0%ba%d1%82\/matte-circular-succulent-planter\/","name":"Matte Circular Succulent Planter - Ronbo Sunrise Pots &amp; Planters","isPartOf":{"@id":"https:\/\/www.ronboplastic.com\/#website"},"primaryImageOfPage":{"@id":"https:\/\/www.ronboplastic.com\/ru\/%d0%bf%d1%80%d0%be%d0%b4%d1%83%d0%ba%d1%82\/matte-circular-succulent-planter\/#primaryimage"},"image":{"@id":"https:\/\/www.ronboplastic.com\/ru\/%d0%bf%d1%80%d0%be%d0%b4%d1%83%d0%ba%d1%82\/matte-circular-succulent-planter\/#primaryimage"},"thumbnailUrl":"https:\/\/www.ronboplastic.com\/wp-content\/uploads\/2025\/09\/1-2.jpg","datePublished":"2024-09-12T01:54:37+00:00","dateModified":"2025-09-08T06:16:04+00:00","breadcrumb":{"@id":"https:\/\/www.ronboplastic.com\/ru\/%d0%bf%d1%80%d0%be%d0%b4%d1%83%d0%ba%d1%82\/matte-circular-succulent-planter\/#breadcrumb"},"inLanguage":"fr-FR","potentialAction":[{"@type":"ReadAction","target":["https:\/\/www.ronboplastic.com\/ru\/%d0%bf%d1%80%d0%be%d0%b4%d1%83%d0%ba%d1%82\/matte-circular-succulent-planter\/"]}]},{"@type":"ImageObject","inLanguage":"fr-FR","@id":"https:\/\/www.ronboplastic.com\/ru\/%d0%bf%d1%80%d0%be%d0%b4%d1%83%d0%ba%d1%82\/matte-circular-succulent-planter\/#primaryimage","url":"https:\/\/www.ronboplastic.com\/wp-content\/uploads\/2025\/09\/1-2.jpg","contentUrl":"https:\/\/www.ronboplastic.com\/wp-content\/uploads\/2025\/09\/1-2.jpg","width":800,"height":800,"caption":"wholesale plant pots supplier"},{"@type":"BreadcrumbList","@id":"https:\/\/www.ronboplastic.com\/ru\/%d0%bf%d1%80%d0%be%d0%b4%d1%83%d0%ba%d1%82\/matte-circular-succulent-planter\/#breadcrumb","itemListElement":[{"@type":"ListItem","position":1,"name":"\u9996\u9875","item":"https:\/\/www.ronboplastic.com\/"},{"@type":"ListItem","position":2,"name":"Products","item":"http:\/\/www.ronboplastic.com\/products\/"},{"@type":"ListItem","position":3,"name":"Matte Circular Succulent Planter"}]},{"@type":"WebSite","@id":"https:\/\/www.ronboplastic.com\/#website","url":"https:\/\/www.ronboplastic.com\/","name":"Ronbo Sunrise Pots &amp; Planters","description":"Pots de fleurs et jardini\u00e8res","potentialAction":[{"@type":"SearchAction","target":{"@type":"EntryPoint","urlTemplate":"https:\/\/www.ronboplastic.com\/?s={search_term_string}"},"query-input":{"@type":"PropertyValueSpecification","valueRequired":true,"valueName":"search_term_string"}}],"inLanguage":"fr-FR"}]}},"_links":{"self":[{"href":"http:\/\/www.ronboplastic.com\/fr\/wp-json\/wp\/v2\/product\/8837","targetHints":{"allow":["GET"]}}],"collection":[{"href":"http:\/\/www.ronboplastic.com\/fr\/wp-json\/wp\/v2\/product"}],"about":[{"href":"http:\/\/www.ronboplastic.com\/fr\/wp-json\/wp\/v2\/types\/product"}],"replies":[{"embeddable":true,"href":"http:\/\/www.ronboplastic.com\/fr\/wp-json\/wp\/v2\/comments?post=8837"}],"wp:featuredmedia":[{"embeddable":true,"href":"http:\/\/www.ronboplastic.com\/fr\/wp-json\/wp\/v2\/media\/8842"}],"wp:attachment":[{"href":"http:\/\/www.ronboplastic.com\/fr\/wp-json\/wp\/v2\/media?parent=8837"}],"wp:term":[{"taxonomy":"product_brand","embeddable":true,"href":"http:\/\/www.ronboplastic.com\/fr\/wp-json\/wp\/v2\/product_brand?post=8837"},{"taxonomy":"product_cat","embeddable":true,"href":"http:\/\/www.ronboplastic.com\/fr\/wp-json\/wp\/v2\/product_cat?post=8837"},{"taxonomy":"product_tag","embeddable":true,"href":"http:\/\/www.ronboplastic.com\/fr\/wp-json\/wp\/v2\/product_tag?post=8837"}],"curies":[{"name":"wp","href":"https:\/\/api.w.org\/{rel}","templated":true}]}}