{"id":8788,"date":"2024-09-11T09:22:29","date_gmt":"2024-09-11T01:22:29","guid":{"rendered":"https:\/\/www.ronboplastic.com\/index.php\/product\/15-gallon-pot\/"},"modified":"2026-05-09T01:58:51","modified_gmt":"2026-05-09T08:58:51","slug":"pot-de-15-gallons","status":"publish","type":"product","link":"http:\/\/www.ronboplastic.com\/fr\/produit\/pot-de-15-gallons\/","title":{"rendered":"Pot de 15 gallons"},"content":{"rendered":"<p>Moul\u00e9 par injection, ce pot de p\u00e9pini\u00e8re de 15 gallons est fabriqu\u00e9 en plastique modifi\u00e9 par percussion pour une r\u00e9sistance et une durabilit\u00e9 accrues. Plus \u00e9pais et plus stable que les pots de fleurs traditionnels et autres clyst\u00e8res moul\u00e9s.plus \u00e9pais et plus durable que les pots de p\u00e9pini\u00e8re traditionnels en mat\u00e9riau souffl\u00e9.<\/p>\n<p><strong>Sp\u00e9cifications<\/strong><\/p>\n<section class=\"table-wrap\">\n<table class=\"table\" border=\"1\" width=\"NaN\" cellspacing=\"0\" cellpadding=\"0\">\n<tbody>\n<tr class=\"firstRow\">\n<td width=\"113\">Num\u00e9ro de mod\u00e8le<\/td>\n<td width=\"113\">RB-G015<\/td>\n<td colspan=\"1\" rowspan=\"1\" valign=\"null\" width=\"113\">RB-G015-2<\/td>\n<td colspan=\"1\" rowspan=\"1\" valign=\"null\" width=\"113\">RB-G015A<\/td>\n<td colspan=\"1\" rowspan=\"1\" valign=\"null\" width=\"113\">RB-G015OL<\/td>\n<\/tr>\n<tr>\n<td width=\"113\">Type de plastique<\/td>\n<td width=\"113\">PP<\/td>\n<td colspan=\"1\" rowspan=\"1\" valign=\"null\" width=\"113\">PP<\/td>\n<td colspan=\"1\" rowspan=\"1\" valign=\"null\" width=\"113\">PP<\/td>\n<td colspan=\"1\" rowspan=\"1\" valign=\"null\" width=\"113\">PP<\/td>\n<\/tr>\n<tr>\n<td width=\"113\">Type<\/td>\n<td width=\"113\">Propagation<\/td>\n<td colspan=\"1\" rowspan=\"1\" valign=\"null\" width=\"113\">Propagation<\/td>\n<td colspan=\"1\" rowspan=\"1\" valign=\"null\" width=\"113\">Propagation<\/td>\n<td colspan=\"1\" rowspan=\"1\" valign=\"null\" width=\"113\">Propagation<\/td>\n<\/tr>\n<tr>\n<td width=\"113\">Diam\u00e8tre sup\u00e9rieur<\/td>\n<td width=\"113\">45.7cm\/17.99inch<\/td>\n<td colspan=\"1\" rowspan=\"1\" valign=\"null\" width=\"113\">42cm\/16.54inch<\/td>\n<td colspan=\"1\" rowspan=\"1\" valign=\"null\" width=\"113\">40.5cm\/15.94inch<\/td>\n<td colspan=\"1\" rowspan=\"1\" valign=\"null\" width=\"113\">41.5cm\/16.34inch<\/td>\n<\/tr>\n<tr>\n<td width=\"113\">Diam\u00e8tre du fond<\/td>\n<td width=\"113\">36cm\/14.17inch<\/td>\n<td colspan=\"1\" rowspan=\"1\" valign=\"null\" width=\"113\">30cm\/11.81inch<\/td>\n<td colspan=\"1\" rowspan=\"1\" valign=\"null\" width=\"113\">31.5cm\/12.4inch<\/td>\n<td colspan=\"1\" rowspan=\"1\" valign=\"null\" width=\"113\">30cm\/11.81inch<\/td>\n<\/tr>\n<tr>\n<td width=\"113\">Hauteur<\/td>\n<td width=\"113\">38cm\/14.96inch<\/td>\n<td colspan=\"1\" rowspan=\"1\" valign=\"null\" width=\"113\">43.5cm\/17.13inch<\/td>\n<td colspan=\"1\" rowspan=\"1\" valign=\"null\" width=\"113\">45.3cm\/17.83inch<\/td>\n<td colspan=\"1\" rowspan=\"1\" valign=\"null\" width=\"113\">42.5cm\/16.73inch<\/td>\n<\/tr>\n<tr>\n<td width=\"113\">Volume<\/td>\n<td width=\"113\">46.1L\/12.2Gal<\/td>\n<td colspan=\"1\" rowspan=\"1\" valign=\"null\" width=\"113\">45L\/11.9Gal<\/td>\n<td colspan=\"1\" rowspan=\"1\" valign=\"null\" width=\"113\">42.2L\/11.1Gal<\/td>\n<td colspan=\"1\" rowspan=\"1\" valign=\"null\" width=\"113\">35.6L\/9.4Gal<\/td>\n<\/tr>\n<\/tbody>\n<\/table>\n<\/section>\n<p><img fetchpriority=\"high\" decoding=\"async\" title=\"Pot de 15 gallons\" src=\"https:\/\/www.ronboplastic.com\/wp-content\/uploads\/2025\/09\/20220901175022bf210d3ee7be4b76afb6c81c26f0de30.jpg\" alt=\"Pot de 15 gallons\" width=\"800\" height=\"1641\" border=\"0\" vspace=\"0\" \/><\/p>\n<p><img decoding=\"async\" title=\"Pot de 15 gallons\" src=\"https:\/\/www.ronboplastic.com\/wp-content\/uploads\/2025\/09\/202209011750256db90e93e47b43e6a47060bc139d1b83.jpg\" alt=\"Pot de 15 gallons\" width=\"800\" height=\"2095\" \/><\/p>\n<p class=\"productsTags\">Hot Tags : 15 gallon pot, fournisseurs, fabricants, usine, grossiste, pour la vente<\/p>","protected":false},"excerpt":{"rendered":"<p>Moul\u00e9 par injection, ce pot de p\u00e9pini\u00e8re de 15 gallons est fabriqu\u00e9 en plastique modifi\u00e9 par percussion pour une r\u00e9sistance et une durabilit\u00e9 accrues. Plus \u00e9pais et plus stable que les pots de fleurs traditionnels et autres clyst\u00e8res moul\u00e9s.plus \u00e9pais et plus durable que les pots de p\u00e9pini\u00e8re traditionnels en mat\u00e9riau souffl\u00e9.<\/p>","protected":false},"featured_media":8792,"comment_status":"open","ping_status":"open","template":"","meta":[],"product_brand":[],"product_cat":[143],"product_tag":[76],"class_list":{"0":"post-8788","1":"product","2":"type-product","3":"status-publish","4":"has-post-thumbnail","6":"product_cat-gallon-pots-nursery","7":"product_tag-15-gallon-pots","9":"first","10":"instock","11":"shipping-taxable","12":"product-type-simple"},"yoast_head":"<!-- This site is optimized with the Yoast SEO plugin v26.1.1 - https:\/\/yoast.com\/wordpress\/plugins\/seo\/ -->\n<title>15 Gallon Pot - Ronbo Sunrise Pots &amp; Planters<\/title>\n<meta name=\"robots\" content=\"index, follow, max-snippet:-1, max-image-preview:large, max-video-preview:-1\" \/>\n<link rel=\"canonical\" href=\"https:\/\/www.ronboplastic.com\/fr\/produit\/pot-de-15-gallons\/\" \/>\n<meta property=\"og:locale\" content=\"fr_FR\" \/>\n<meta property=\"og:type\" content=\"article\" \/>\n<meta property=\"og:title\" content=\"15 Gallon Pot - Ronbo Sunrise Pots &amp; Planters\" \/>\n<meta property=\"og:description\" content=\"Injection-molded, this 15 Gallon Nursery Pot is made of percussion-amend plastic for et ceteras strength and lastingness. Thicker and more stable than traditional flower molded nursery and other clyster molded.Thicker and more enduring than traditional blow material nursery pot.\" \/>\n<meta property=\"og:url\" content=\"https:\/\/www.ronboplastic.com\/fr\/produit\/pot-de-15-gallons\/\" \/>\n<meta property=\"og:site_name\" content=\"Ronbo Sunrise Pots &amp; Planters\" \/>\n<meta property=\"article:modified_time\" content=\"2026-05-09T08:58:51+00:00\" \/>\n<meta property=\"og:image\" content=\"https:\/\/www.ronboplastic.com\/wp-content\/uploads\/2025\/09\/RB-G015.jpg\" \/>\n\t<meta property=\"og:image:width\" content=\"750\" \/>\n\t<meta property=\"og:image:height\" content=\"750\" \/>\n\t<meta property=\"og:image:type\" content=\"image\/jpeg\" \/>\n<meta name=\"twitter:card\" content=\"summary_large_image\" \/>\n<meta name=\"twitter:label1\" content=\"Dur\u00e9e de lecture estim\u00e9e\" \/>\n\t<meta name=\"twitter:data1\" content=\"1 minute\" \/>\n<script type=\"application\/ld+json\" class=\"yoast-schema-graph\">{\"@context\":\"https:\/\/schema.org\",\"@graph\":[{\"@type\":\"WebPage\",\"@id\":\"https:\/\/www.ronboplastic.com\/product\/15-gallon-pot\/\",\"url\":\"https:\/\/www.ronboplastic.com\/product\/15-gallon-pot\/\",\"name\":\"15 Gallon Pot - Ronbo Sunrise Pots &amp; Planters\",\"isPartOf\":{\"@id\":\"https:\/\/www.ronboplastic.com\/#website\"},\"primaryImageOfPage\":{\"@id\":\"https:\/\/www.ronboplastic.com\/product\/15-gallon-pot\/#primaryimage\"},\"image\":{\"@id\":\"https:\/\/www.ronboplastic.com\/product\/15-gallon-pot\/#primaryimage\"},\"thumbnailUrl\":\"https:\/\/www.ronboplastic.com\/wp-content\/uploads\/2025\/09\/RB-G015.jpg\",\"datePublished\":\"2024-09-11T01:22:29+00:00\",\"dateModified\":\"2026-05-09T08:58:51+00:00\",\"breadcrumb\":{\"@id\":\"https:\/\/www.ronboplastic.com\/product\/15-gallon-pot\/#breadcrumb\"},\"inLanguage\":\"fr-FR\",\"potentialAction\":[{\"@type\":\"ReadAction\",\"target\":[\"https:\/\/www.ronboplastic.com\/product\/15-gallon-pot\/\"]}]},{\"@type\":\"ImageObject\",\"inLanguage\":\"fr-FR\",\"@id\":\"https:\/\/www.ronboplastic.com\/product\/15-gallon-pot\/#primaryimage\",\"url\":\"https:\/\/www.ronboplastic.com\/wp-content\/uploads\/2025\/09\/RB-G015.jpg\",\"contentUrl\":\"https:\/\/www.ronboplastic.com\/wp-content\/uploads\/2025\/09\/RB-G015.jpg\",\"width\":750,\"height\":750,\"caption\":\"wholesale price gallon pots\"},{\"@type\":\"BreadcrumbList\",\"@id\":\"https:\/\/www.ronboplastic.com\/product\/15-gallon-pot\/#breadcrumb\",\"itemListElement\":[{\"@type\":\"ListItem\",\"position\":1,\"name\":\"\u9996\u9875\",\"item\":\"https:\/\/www.ronboplastic.com\/\"},{\"@type\":\"ListItem\",\"position\":2,\"name\":\"Products\",\"item\":\"http:\/\/www.ronboplastic.com\/products\/\"},{\"@type\":\"ListItem\",\"position\":3,\"name\":\"15 Gallon Pot\"}]},{\"@type\":\"WebSite\",\"@id\":\"https:\/\/www.ronboplastic.com\/#website\",\"url\":\"https:\/\/www.ronboplastic.com\/\",\"name\":\"Ronbo Sunrise Pots &amp; Planters\",\"description\":\"Flower Pots &amp; Planters\",\"potentialAction\":[{\"@type\":\"SearchAction\",\"target\":{\"@type\":\"EntryPoint\",\"urlTemplate\":\"https:\/\/www.ronboplastic.com\/?s={search_term_string}\"},\"query-input\":{\"@type\":\"PropertyValueSpecification\",\"valueRequired\":true,\"valueName\":\"search_term_string\"}}],\"inLanguage\":\"fr-FR\"}]}<\/script>\n<!-- \/ Yoast SEO plugin. -->","yoast_head_json":{"title":"15 Gallon Pot - Ronbo Sunrise Pots &amp; Planters","robots":{"index":"index","follow":"follow","max-snippet":"max-snippet:-1","max-image-preview":"max-image-preview:large","max-video-preview":"max-video-preview:-1"},"canonical":"https:\/\/www.ronboplastic.com\/fr\/produit\/pot-de-15-gallons\/","og_locale":"fr_FR","og_type":"article","og_title":"15 Gallon Pot - Ronbo Sunrise Pots &amp; Planters","og_description":"Injection-molded, this 15 Gallon Nursery Pot is made of percussion-amend plastic for et ceteras strength and lastingness. Thicker and more stable than traditional flower molded nursery and other clyster molded.Thicker and more enduring than traditional blow material nursery pot.","og_url":"https:\/\/www.ronboplastic.com\/fr\/produit\/pot-de-15-gallons\/","og_site_name":"Ronbo Sunrise Pots &amp; Planters","article_modified_time":"2026-05-09T08:58:51+00:00","og_image":[{"width":750,"height":750,"url":"https:\/\/www.ronboplastic.com\/wp-content\/uploads\/2025\/09\/RB-G015.jpg","type":"image\/jpeg"}],"twitter_card":"summary_large_image","twitter_misc":{"Dur\u00e9e de lecture estim\u00e9e":"1 minute"},"schema":{"@context":"https:\/\/schema.org","@graph":[{"@type":"WebPage","@id":"https:\/\/www.ronboplastic.com\/product\/15-gallon-pot\/","url":"https:\/\/www.ronboplastic.com\/product\/15-gallon-pot\/","name":"15 Gallon Pot - Ronbo Sunrise Pots &amp; Planters","isPartOf":{"@id":"https:\/\/www.ronboplastic.com\/#website"},"primaryImageOfPage":{"@id":"https:\/\/www.ronboplastic.com\/product\/15-gallon-pot\/#primaryimage"},"image":{"@id":"https:\/\/www.ronboplastic.com\/product\/15-gallon-pot\/#primaryimage"},"thumbnailUrl":"https:\/\/www.ronboplastic.com\/wp-content\/uploads\/2025\/09\/RB-G015.jpg","datePublished":"2024-09-11T01:22:29+00:00","dateModified":"2026-05-09T08:58:51+00:00","breadcrumb":{"@id":"https:\/\/www.ronboplastic.com\/product\/15-gallon-pot\/#breadcrumb"},"inLanguage":"fr-FR","potentialAction":[{"@type":"ReadAction","target":["https:\/\/www.ronboplastic.com\/product\/15-gallon-pot\/"]}]},{"@type":"ImageObject","inLanguage":"fr-FR","@id":"https:\/\/www.ronboplastic.com\/product\/15-gallon-pot\/#primaryimage","url":"https:\/\/www.ronboplastic.com\/wp-content\/uploads\/2025\/09\/RB-G015.jpg","contentUrl":"https:\/\/www.ronboplastic.com\/wp-content\/uploads\/2025\/09\/RB-G015.jpg","width":750,"height":750,"caption":"wholesale price gallon pots"},{"@type":"BreadcrumbList","@id":"https:\/\/www.ronboplastic.com\/product\/15-gallon-pot\/#breadcrumb","itemListElement":[{"@type":"ListItem","position":1,"name":"\u9996\u9875","item":"https:\/\/www.ronboplastic.com\/"},{"@type":"ListItem","position":2,"name":"Products","item":"http:\/\/www.ronboplastic.com\/products\/"},{"@type":"ListItem","position":3,"name":"15 Gallon Pot"}]},{"@type":"WebSite","@id":"https:\/\/www.ronboplastic.com\/#website","url":"https:\/\/www.ronboplastic.com\/","name":"Ronbo Sunrise Pots &amp; Planters","description":"Pots de fleurs et jardini\u00e8res","potentialAction":[{"@type":"SearchAction","target":{"@type":"EntryPoint","urlTemplate":"https:\/\/www.ronboplastic.com\/?s={search_term_string}"},"query-input":{"@type":"PropertyValueSpecification","valueRequired":true,"valueName":"search_term_string"}}],"inLanguage":"fr-FR"}]}},"_links":{"self":[{"href":"http:\/\/www.ronboplastic.com\/fr\/wp-json\/wp\/v2\/product\/8788","targetHints":{"allow":["GET"]}}],"collection":[{"href":"http:\/\/www.ronboplastic.com\/fr\/wp-json\/wp\/v2\/product"}],"about":[{"href":"http:\/\/www.ronboplastic.com\/fr\/wp-json\/wp\/v2\/types\/product"}],"replies":[{"embeddable":true,"href":"http:\/\/www.ronboplastic.com\/fr\/wp-json\/wp\/v2\/comments?post=8788"}],"wp:featuredmedia":[{"embeddable":true,"href":"http:\/\/www.ronboplastic.com\/fr\/wp-json\/wp\/v2\/media\/8792"}],"wp:attachment":[{"href":"http:\/\/www.ronboplastic.com\/fr\/wp-json\/wp\/v2\/media?parent=8788"}],"wp:term":[{"taxonomy":"product_brand","embeddable":true,"href":"http:\/\/www.ronboplastic.com\/fr\/wp-json\/wp\/v2\/product_brand?post=8788"},{"taxonomy":"product_cat","embeddable":true,"href":"http:\/\/www.ronboplastic.com\/fr\/wp-json\/wp\/v2\/product_cat?post=8788"},{"taxonomy":"product_tag","embeddable":true,"href":"http:\/\/www.ronboplastic.com\/fr\/wp-json\/wp\/v2\/product_tag?post=8788"}],"curies":[{"name":"wp","href":"https:\/\/api.w.org\/{rel}","templated":true}]}}