{"id":9218,"date":"2024-10-11T07:34:58","date_gmt":"2024-10-10T23:34:58","guid":{"rendered":"https:\/\/www.ronboplastic.com\/index.php\/product\/breathable-window-plant-grow-bag\/"},"modified":"2026-05-09T01:55:07","modified_gmt":"2026-05-09T08:55:07","slug":"bolsa-de-cultivo-transpirable","status":"publish","type":"product","link":"http:\/\/www.ronboplastic.com\/es\/producto\/bolsa-de-cultivo-transpirable\/","title":{"rendered":"Bolsa de cultivo transpirable con ventana"},"content":{"rendered":"<p>\u00bfQuieres cultivar plantas m\u00e1s sanas y vigorosas? \u00a1Entonces necesitas una bolsa de cultivo transpirable para plantas de ventana! Esta bolsa de plantaci\u00f3n est\u00e1 hecha de tela no tejida m\u00e1s gruesa y es super duradera, con una construcci\u00f3n resistente y asas fuertes. Tambi\u00e9n es compacto y ligero, por lo que es f\u00e1cil de mover. Lo mejor es que tiene una buena permeabilidad al aire y al agua, por lo que sus plantas prosperar\u00e1n. Perfecta para cultivar diversas hortalizas como patata, taro, r\u00e1bano, zanahoria, cebolla o cualquier otra planta de ra\u00edz.<\/p>\n<section class=\"table-wrap\">\n<table width=\"-158\" data-sort=\"sortDisabled\">\n<tbody>\n<tr class=\"firstRow\">\n<td valign=\"top\" width=\"105\">Tipo<\/td>\n<td colspan=\"1\" rowspan=\"1\" valign=\"top\" width=\"105\">Modelo<\/td>\n<td valign=\"top\" width=\"105\">talla<\/td>\n<td valign=\"top\" width=\"105\">Di\u00e1metro\/cm<\/td>\n<td valign=\"top\" width=\"105\">Altura\/cm<\/td>\n<\/tr>\n<tr>\n<td colspan=\"1\" rowspan=\"2\" valign=\"top\" width=\"105\">300G<\/td>\n<td colspan=\"1\" rowspan=\"1\" valign=\"top\" width=\"105\">RB-FG7S-1<\/td>\n<td valign=\"top\" width=\"105\">7 galones<\/td>\n<td valign=\"top\" width=\"105\">35<\/td>\n<td valign=\"top\" width=\"105\">30<\/td>\n<\/tr>\n<tr>\n<td colspan=\"1\" rowspan=\"1\" valign=\"top\" width=\"105\">RB-FG10S-1<\/td>\n<td valign=\"top\" width=\"105\">10 galones<\/td>\n<td valign=\"top\" width=\"105\">40<\/td>\n<td valign=\"top\" width=\"105\">30<\/td>\n<\/tr>\n<\/tbody>\n<\/table>\n<\/section>\n<p><img loading=\"lazy\" decoding=\"async\" title=\"Bolsa de cultivo transpirable con ventana\" src=\"https:\/\/www.ronboplastic.com\/wp-content\/uploads\/2025\/09\/20220830150829c8d150f8ed6d4b80a8ee558efc96730e.jpg\" alt=\"Bolsa de cultivo transpirable con ventana\" width=\"800\" height=\"1083\" \/><\/p>\n<p><img loading=\"lazy\" decoding=\"async\" title=\"Bolsa de cultivo transpirable con ventana\" src=\"https:\/\/www.ronboplastic.com\/wp-content\/uploads\/2025\/09\/2022083015083378edd213d20e4aa286b0d691e524bcf1.jpg\" alt=\"RB-FG7S-1_02\" width=\"800\" height=\"2465\" border=\"0\" vspace=\"0\" \/><\/p>\n<p><img loading=\"lazy\" decoding=\"async\" title=\"Bolsa de cultivo transpirable con ventana\" src=\"https:\/\/www.ronboplastic.com\/wp-content\/uploads\/2025\/09\/20220830150844dd2f7e19abd44d8fab6f6a1fba0f58e2.jpg\" alt=\"Bolsa de cultivo transpirable con ventana\" width=\"800\" height=\"1240\" \/><\/p>\n<p><strong>F\u00e1cil de manejar y usar:<\/strong>\u00a0Esta bolsa cuenta con un asa firme que facilita su transporte, y su tejido transpirable garantiza que sus plantas se mantengan sanas. Adem\u00e1s, su dise\u00f1o de ventana transparente te permite ver cu\u00e1ndo tus plantas est\u00e1n listas para cosechar.<\/p>\n<p>&nbsp;<\/p>\n<p><strong>Crece sano:\u00a0<\/strong>La bolsa de cultivo transpirable con ventana es perfecta para usted. Gracias al dise\u00f1o de sus orificios de ventilaci\u00f3n, esta bolsa de cultivo facilita la ventilaci\u00f3n de las plantas, potencia el crecimiento y el rendimiento de las hortalizas, evita que las ra\u00edces se enrollen y reduce el riesgo de shock por trasplante. Adem\u00e1s, tambi\u00e9n puede eliminar el exceso de agua. As\u00ed que si quiere dar a sus plantas la mejor oportunidad de prosperar, \u00a1h\u00e1gase hoy mismo con la bolsa de cultivo transpirable con ventana!<\/p>\n<p>&nbsp;<\/p>\n<p><strong>Dise\u00f1o inteligente:\u00a0<\/strong>Esta innovadora bolsa de cultivo viene con una ventana de visualizaci\u00f3n, para que puedas comprobar el progreso de tus plantas sin tener que escarbar en la tierra. Adem\u00e1s, cuando llegue el momento de cosechar, s\u00f3lo tienes que meter la mano por la ventana y arrancar las plantas maduras, \u00a1sin tener que agacharte ni romperte la espalda!<\/p>\n<p>&nbsp;<\/p>\n<p><strong>S\u00faper resistente:\u00a0<\/strong>Fabricada con materiales de lona y fieltro, esta bolsa de cultivo de doble capa es m\u00e1s duradera y respetuosa con el medio ambiente que las alternativas de pl\u00e1stico. Adem\u00e1s, su dise\u00f1o transpirable facilita que las plantas obtengan el ox\u00edgeno que necesitan para desarrollarse. Prep\u00e1rese para una cosecha abundante este a\u00f1o y en el futuro con nuestra bolsa de cultivo transpirable con ventana.<\/p>\n<p>&nbsp;<\/p>\n<p><strong>PROTECCI\u00d3N DEL MEDIO AMBIENTE:<\/strong>\u00a0Las bolsas de plantaci\u00f3n est\u00e1n fabricadas con materiales ecol\u00f3gicos, no contaminan el medio ambiente ni afectan a la calidad de las hortalizas.<\/p>\n<p>&nbsp;<\/p>\n<p><strong>Material:<\/strong>\u00a0Tela no tejida<\/p>\n<p><strong>PREGUNTAS FRECUENTES\uff1a<\/strong><\/p>\n<p><strong>1.\u00bfPara qu\u00e9 suministran? \u00bfDe qui\u00e9n es proveedor?<\/strong><\/p>\n<p>Suministramos para dos empresas que cotizan en bolsa y viveros lotes en su local, tambi\u00e9n para Costco al por mayor a trav\u00e9s de la empresa de comercio internacional. But i am afraid i can't tell you now. Perm\u00edtanme obtener la aprobaci\u00f3n de mis clientes, entonces voy a enviar correo electr\u00f3nico a usted.<\/p>\n<p><strong>2.\u00bfQu\u00e9 miedo da un contenedor?\u00a0<\/strong><\/p>\n<p>10.000 d\u00f3lares a Los \u00c1ngeles esta semana<\/p>\n<p><strong>3. \u00bfPueden proporcionar muestras gratuitas?<\/strong><\/p>\n<p>S\u00ed, por supuesto, la muestra ya est\u00e1 preparado, por favor deme su direcci\u00f3n. voy a redactar la orden de la muestra en Alibaba y enviar el enlace pronto, por favor haga el pago. La muestra ser\u00e1 enviada por DHL\/UPS\/Fedex en el plazo de 3days, que costar\u00e1 7-10days para llegar.<\/p>\n<p><strong>4.\u00bfCu\u00e1l es su uso de embalaje\uff1f<\/strong><\/p>\n<p>tenemos 3 m\u00e9todo de embalaje, cart\u00f3n \/ palet \/ bolsa de pl\u00e1stico para el envase<\/p>\n<p><strong>5. \u00bfCu\u00e1l es su certificado?<\/strong><\/p>\n<p>CERTIFICADO SGS Y BSCI<\/p>\n<p>\u00bfOEM?<\/p>\n<p>S\u00cd, por favor env\u00edenos su informaci\u00f3n detallada incluyendo tama\u00f1o \/ peso \/ color \/ imagen es mejor.<\/p>\n<p class=\"productsTags\">Hot Tags: transpirable ventana planta crecer bolsa, proveedores, fabricantes, f\u00e1brica, venta por mayor, para la venta<\/p>","protected":false},"excerpt":{"rendered":"<p>Esta bolsa para plantar est\u00e1 fabricada con tela no tejida m\u00e1s gruesa y es superresistente, con una construcci\u00f3n robusta y asas resistentes. Tambi\u00e9n es compacta y ligera<\/p>","protected":false},"featured_media":9223,"comment_status":"open","ping_status":"open","template":"","meta":[],"product_brand":[],"product_cat":[145],"product_tag":[],"class_list":{"0":"post-9218","1":"product","2":"type-product","3":"status-publish","4":"has-post-thumbnail","6":"product_cat-growing-bags-fabric-pots","8":"first","9":"instock","10":"shipping-taxable","11":"product-type-simple"},"yoast_head":"<!-- This site is optimized with the Yoast SEO plugin v27.5 - https:\/\/yoast.com\/product\/yoast-seo-wordpress\/ -->\n<title>Breathable Window Plant Grow Bag - Ronbo Sunrise Pots &amp; Planters<\/title>\n<meta name=\"robots\" content=\"index, follow, max-snippet:-1, max-image-preview:large, max-video-preview:-1\" \/>\n<link rel=\"canonical\" href=\"https:\/\/www.ronboplastic.com\/es\/producto\/bolsa-de-cultivo-transpirable\/\" \/>\n<meta property=\"og:locale\" content=\"es_ES\" \/>\n<meta property=\"og:type\" content=\"article\" \/>\n<meta property=\"og:title\" content=\"Breathable Window Plant Grow Bag - Ronbo Sunrise Pots &amp; Planters\" \/>\n<meta property=\"og:description\" content=\"This planting bag is made from thicker non-woven fabric and is super durable, with sturdy construction and strong handles. It&#039;s also compact and lightweight\" \/>\n<meta property=\"og:url\" content=\"https:\/\/www.ronboplastic.com\/es\/producto\/bolsa-de-cultivo-transpirable\/\" \/>\n<meta property=\"og:site_name\" content=\"Ronbo Sunrise Pots &amp; Planters\" \/>\n<meta property=\"article:modified_time\" content=\"2026-05-09T08:55:07+00:00\" \/>\n<meta property=\"og:image\" content=\"https:\/\/www.ronboplastic.com\/wp-content\/uploads\/2025\/09\/10.png\" \/>\n\t<meta property=\"og:image:width\" content=\"730\" \/>\n\t<meta property=\"og:image:height\" content=\"730\" \/>\n\t<meta property=\"og:image:type\" content=\"image\/png\" \/>\n<meta name=\"twitter:card\" content=\"summary_large_image\" \/>\n<meta name=\"twitter:label1\" content=\"Tiempo de lectura\" \/>\n\t<meta name=\"twitter:data1\" content=\"3 minutos\" \/>\n<script type=\"application\/ld+json\" class=\"yoast-schema-graph\">{\"@context\":\"https:\\\/\\\/schema.org\",\"@graph\":[{\"@type\":\"WebPage\",\"@id\":\"https:\\\/\\\/www.ronboplastic.com\\\/product\\\/breathable-window-plant-grow-bag\\\/\",\"url\":\"https:\\\/\\\/www.ronboplastic.com\\\/product\\\/breathable-window-plant-grow-bag\\\/\",\"name\":\"Breathable Window Plant Grow Bag - Ronbo Sunrise Pots &amp; Planters\",\"isPartOf\":{\"@id\":\"https:\\\/\\\/www.ronboplastic.com\\\/#website\"},\"primaryImageOfPage\":{\"@id\":\"https:\\\/\\\/www.ronboplastic.com\\\/product\\\/breathable-window-plant-grow-bag\\\/#primaryimage\"},\"image\":{\"@id\":\"https:\\\/\\\/www.ronboplastic.com\\\/product\\\/breathable-window-plant-grow-bag\\\/#primaryimage\"},\"thumbnailUrl\":\"https:\\\/\\\/www.ronboplastic.com\\\/wp-content\\\/uploads\\\/2025\\\/09\\\/10.png\",\"datePublished\":\"2024-10-10T23:34:58+00:00\",\"dateModified\":\"2026-05-09T08:55:07+00:00\",\"breadcrumb\":{\"@id\":\"https:\\\/\\\/www.ronboplastic.com\\\/product\\\/breathable-window-plant-grow-bag\\\/#breadcrumb\"},\"inLanguage\":\"es\",\"potentialAction\":[{\"@type\":\"ReadAction\",\"target\":[\"https:\\\/\\\/www.ronboplastic.com\\\/product\\\/breathable-window-plant-grow-bag\\\/\"]}]},{\"@type\":\"ImageObject\",\"inLanguage\":\"es\",\"@id\":\"https:\\\/\\\/www.ronboplastic.com\\\/product\\\/breathable-window-plant-grow-bag\\\/#primaryimage\",\"url\":\"https:\\\/\\\/www.ronboplastic.com\\\/wp-content\\\/uploads\\\/2025\\\/09\\\/10.png\",\"contentUrl\":\"https:\\\/\\\/www.ronboplastic.com\\\/wp-content\\\/uploads\\\/2025\\\/09\\\/10.png\",\"width\":730,\"height\":730,\"caption\":\"plant grow bag\"},{\"@type\":\"BreadcrumbList\",\"@id\":\"https:\\\/\\\/www.ronboplastic.com\\\/product\\\/breathable-window-plant-grow-bag\\\/#breadcrumb\",\"itemListElement\":[{\"@type\":\"ListItem\",\"position\":1,\"name\":\"\u9996\u9875\",\"item\":\"https:\\\/\\\/www.ronboplastic.com\\\/\"},{\"@type\":\"ListItem\",\"position\":2,\"name\":\"Products\",\"item\":\"http:\\\/\\\/www.ronboplastic.com\\\/products\\\/\"},{\"@type\":\"ListItem\",\"position\":3,\"name\":\"Breathable Window Plant Grow Bag\"}]},{\"@type\":\"WebSite\",\"@id\":\"https:\\\/\\\/www.ronboplastic.com\\\/#website\",\"url\":\"https:\\\/\\\/www.ronboplastic.com\\\/\",\"name\":\"Ronbo Sunrise Pots &amp; Planters\",\"description\":\"Flower Pots &amp; Planters\",\"potentialAction\":[{\"@type\":\"SearchAction\",\"target\":{\"@type\":\"EntryPoint\",\"urlTemplate\":\"https:\\\/\\\/www.ronboplastic.com\\\/?s={search_term_string}\"},\"query-input\":{\"@type\":\"PropertyValueSpecification\",\"valueRequired\":true,\"valueName\":\"search_term_string\"}}],\"inLanguage\":\"es\"}]}<\/script>\n<!-- \/ Yoast SEO plugin. -->","yoast_head_json":{"title":"Breathable Window Plant Grow Bag - Ronbo Sunrise Pots &amp; Planters","robots":{"index":"index","follow":"follow","max-snippet":"max-snippet:-1","max-image-preview":"max-image-preview:large","max-video-preview":"max-video-preview:-1"},"canonical":"https:\/\/www.ronboplastic.com\/es\/producto\/bolsa-de-cultivo-transpirable\/","og_locale":"es_ES","og_type":"article","og_title":"Breathable Window Plant Grow Bag - Ronbo Sunrise Pots &amp; Planters","og_description":"This planting bag is made from thicker non-woven fabric and is super durable, with sturdy construction and strong handles. It's also compact and lightweight","og_url":"https:\/\/www.ronboplastic.com\/es\/producto\/bolsa-de-cultivo-transpirable\/","og_site_name":"Ronbo Sunrise Pots &amp; Planters","article_modified_time":"2026-05-09T08:55:07+00:00","og_image":[{"width":730,"height":730,"url":"https:\/\/www.ronboplastic.com\/wp-content\/uploads\/2025\/09\/10.png","type":"image\/png"}],"twitter_card":"summary_large_image","twitter_misc":{"Tiempo de lectura":"3 minutos"},"schema":{"@context":"https:\/\/schema.org","@graph":[{"@type":"WebPage","@id":"https:\/\/www.ronboplastic.com\/product\/breathable-window-plant-grow-bag\/","url":"https:\/\/www.ronboplastic.com\/product\/breathable-window-plant-grow-bag\/","name":"Breathable Window Plant Grow Bag - Ronbo Sunrise Pots &amp; Planters","isPartOf":{"@id":"https:\/\/www.ronboplastic.com\/#website"},"primaryImageOfPage":{"@id":"https:\/\/www.ronboplastic.com\/product\/breathable-window-plant-grow-bag\/#primaryimage"},"image":{"@id":"https:\/\/www.ronboplastic.com\/product\/breathable-window-plant-grow-bag\/#primaryimage"},"thumbnailUrl":"https:\/\/www.ronboplastic.com\/wp-content\/uploads\/2025\/09\/10.png","datePublished":"2024-10-10T23:34:58+00:00","dateModified":"2026-05-09T08:55:07+00:00","breadcrumb":{"@id":"https:\/\/www.ronboplastic.com\/product\/breathable-window-plant-grow-bag\/#breadcrumb"},"inLanguage":"es","potentialAction":[{"@type":"ReadAction","target":["https:\/\/www.ronboplastic.com\/product\/breathable-window-plant-grow-bag\/"]}]},{"@type":"ImageObject","inLanguage":"es","@id":"https:\/\/www.ronboplastic.com\/product\/breathable-window-plant-grow-bag\/#primaryimage","url":"https:\/\/www.ronboplastic.com\/wp-content\/uploads\/2025\/09\/10.png","contentUrl":"https:\/\/www.ronboplastic.com\/wp-content\/uploads\/2025\/09\/10.png","width":730,"height":730,"caption":"plant grow bag"},{"@type":"BreadcrumbList","@id":"https:\/\/www.ronboplastic.com\/product\/breathable-window-plant-grow-bag\/#breadcrumb","itemListElement":[{"@type":"ListItem","position":1,"name":"\u9996\u9875","item":"https:\/\/www.ronboplastic.com\/"},{"@type":"ListItem","position":2,"name":"Products","item":"http:\/\/www.ronboplastic.com\/products\/"},{"@type":"ListItem","position":3,"name":"Breathable Window Plant Grow Bag"}]},{"@type":"WebSite","@id":"https:\/\/www.ronboplastic.com\/#website","url":"https:\/\/www.ronboplastic.com\/","name":"Ronbo Sunrise Pots &amp; Planters","description":"Macetas y jardineras","potentialAction":[{"@type":"SearchAction","target":{"@type":"EntryPoint","urlTemplate":"https:\/\/www.ronboplastic.com\/?s={search_term_string}"},"query-input":{"@type":"PropertyValueSpecification","valueRequired":true,"valueName":"search_term_string"}}],"inLanguage":"es"}]}},"_links":{"self":[{"href":"http:\/\/www.ronboplastic.com\/es\/wp-json\/wp\/v2\/product\/9218","targetHints":{"allow":["GET"]}}],"collection":[{"href":"http:\/\/www.ronboplastic.com\/es\/wp-json\/wp\/v2\/product"}],"about":[{"href":"http:\/\/www.ronboplastic.com\/es\/wp-json\/wp\/v2\/types\/product"}],"replies":[{"embeddable":true,"href":"http:\/\/www.ronboplastic.com\/es\/wp-json\/wp\/v2\/comments?post=9218"}],"wp:featuredmedia":[{"embeddable":true,"href":"http:\/\/www.ronboplastic.com\/es\/wp-json\/wp\/v2\/media\/9223"}],"wp:attachment":[{"href":"http:\/\/www.ronboplastic.com\/es\/wp-json\/wp\/v2\/media?parent=9218"}],"wp:term":[{"taxonomy":"product_brand","embeddable":true,"href":"http:\/\/www.ronboplastic.com\/es\/wp-json\/wp\/v2\/product_brand?post=9218"},{"taxonomy":"product_cat","embeddable":true,"href":"http:\/\/www.ronboplastic.com\/es\/wp-json\/wp\/v2\/product_cat?post=9218"},{"taxonomy":"product_tag","embeddable":true,"href":"http:\/\/www.ronboplastic.com\/es\/wp-json\/wp\/v2\/product_tag?post=9218"}],"curies":[{"name":"wp","href":"https:\/\/api.w.org\/{rel}","templated":true}]}}