{"id":8886,"date":"2024-09-13T08:44:36","date_gmt":"2024-09-13T00:44:36","guid":{"rendered":"https:\/\/www.ronboplastic.com\/index.php\/product\/plastic-bonsai-round-planter-pot\/"},"modified":"2025-09-08T14:16:25","modified_gmt":"2025-09-08T06:16:25","slug":"maceta-redonda-de-plastico-para-bonsai","status":"publish","type":"product","link":"http:\/\/www.ronboplastic.com\/es\/producto\/maceta-redonda-de-plastico-para-bonsai\/","title":{"rendered":"Maceta redonda de pl\u00e1stico para bons\u00e1i"},"content":{"rendered":"<p>Descripci\u00f3n del producto:<\/p>\n<p>La maceta redonda Big Bonsai es una maceta circular de bonito dise\u00f1o. Est\u00e1 fabricada con materiales cer\u00e1micos de alta calidad, que presentan una textura suave y delicada, al tiempo que poseen las caracter\u00edsticas de durabilidad. Esta maceta es adecuada para plantar diversas plantas en maceta, como peque\u00f1os bons\u00e1is, plantas suculentas y flores y plantas. Su dise\u00f1o de gran tama\u00f1o proporciona un amplio espacio de crecimiento, lo que favorece el crecimiento saludable de las plantas.<\/p>\n<p>Puntos fuertes del producto:<\/p>\n<p>1. Dise\u00f1o exquisito: La maceta redonda Big Bonsai adopta un elegante dise\u00f1o circular, dando a los espacios interiores y exteriores una est\u00e9tica de moda. No es s\u00f3lo una maceta pr\u00e1ctica, sino tambi\u00e9n una delicada decoraci\u00f3n que puede a\u00f1adir un ambiente natural y art\u00edstico a su hogar u oficina.<\/p>\n<p>2. Materiales de alta calidad: El implante est\u00e1 hecho de materiales cer\u00e1micos de alta calidad y ha sido sometido a un procesamiento exquisito para garantizar su durabilidad y estabilidad. Tambi\u00e9n tiene funci\u00f3n impermeable, que puede proteger eficazmente las ra\u00edces de las plantas y mantener un crecimiento saludable.<\/p>\n<p>3. Excelente espacio: La maceta redonda Big Bonsai tiene un amplio espacio interior, proporcionando suficiente espacio de crecimiento para sus plantas en maceta. Es adecuado para plantar varios tipos de plantas y puede acomodar m\u00faltiples especies de plantas, lo que le permite crear combinaciones de plantas \u00fanicas.<\/p>\n<p>4. M\u00faltiples usos: Adem\u00e1s de utilizarse como maceta, la maceta Big Bonsai Round Planter tambi\u00e9n puede utilizarse como maceta hidrop\u00f3nica o florero. Puede colocarlo en cualquier lugar como el sal\u00f3n, balc\u00f3n, oficina, etc. seg\u00fan sus propias necesidades y preferencias, a\u00f1adiendo un toque de naturaleza y vitalidad al espacio.<\/p>\n<p>5. Expresi\u00f3n emocional: Regalar Big Bonsai Round Planter pot a amigos, familiares o compa\u00f1eros no s\u00f3lo les transmite amor, sino que tambi\u00e9n les aporta una belleza \u00fanica.<\/p>\n<p>Ya sea en cumplea\u00f1os, vacaciones o celebraciones, esta maceta puede convertirse en un regalo significativo, mostrando su cuidadosa selecci\u00f3n y su perspectiva \u00fanica. En resumen, la maceta redonda Big Bonsai es a la vez pr\u00e1ctica y est\u00e9ticamente agradable, aport\u00e1ndole una agradable experiencia de plantaci\u00f3n y un efecto decorativo tanto si es para uso personal como para regalar a otras personas.<\/p>\n<p><img loading=\"lazy\" decoding=\"async\" title=\"01\" src=\"https:\/\/www.ronboplastic.com\/wp-content\/uploads\/2025\/09\/20230808112832d53e37ae22d84c448086ab93b73ad0ab.jpg\" alt=\"01\" width=\"800\" height=\"4874\" \/><\/p>\n<p><img loading=\"lazy\" decoding=\"async\" title=\"02\" src=\"https:\/\/www.ronboplastic.com\/wp-content\/uploads\/2025\/09\/202308081128313a04a2660231476aac138e3e8ab89218.jpg\" alt=\"02\" width=\"800\" height=\"3044\" \/><\/p>\n<p>&nbsp;<\/p>\n<p><img loading=\"lazy\" decoding=\"async\" title=\"producto-800-207\" src=\"https:\/\/www.ronboplastic.com\/wp-content\/uploads\/2025\/09\/202205131612159a16ace32ec04133ae6f48e4dcaa3c85.jpg\" alt=\"Jardinera de barril\" width=\"800\" height=\"207\" \/><\/p>\n<p class=\"productsTags\">Hot Tags: gran maceta redonda bonsai, proveedores, fabricantes, f\u00e1brica, venta al por mayor, para la venta<\/p>","protected":false},"excerpt":{"rendered":"<p>Admit\u00e1moslo, \u00bfqui\u00e9n quiere cargar con una pesada maceta de piedra o cer\u00e1mica? Por eso tenemos la mayor selecci\u00f3n de macetas de pl\u00e1stico duraderas y de alta calidad, desde grandes macetas de pl\u00e1stico para \u00e1rboles hasta peque\u00f1as macetas de pl\u00e1stico para flores. Estas macetas ligeras son un sue\u00f1o hecho realidad para cualquier aficionado a las plantas. Incluso tenemos recipientes de pl\u00e1stico con el bonito acabado de piedra, cemento o arcilla que desea (sus amigos no notar\u00e1n la diferencia y su espalda se lo agradecer\u00e1).<\/p>","protected":false},"featured_media":8890,"comment_status":"open","ping_status":"open","template":"","meta":[],"product_brand":[],"product_cat":[80],"product_tag":[79],"class_list":{"0":"post-8886","1":"product","2":"type-product","3":"status-publish","4":"has-post-thumbnail","6":"product_cat-decorative-potsampplanters","7":"product_tag-decorative-plant-pots","9":"first","10":"instock","11":"shipping-taxable","12":"product-type-simple"},"yoast_head":"<!-- This site is optimized with the Yoast SEO plugin v26.1.1 - https:\/\/yoast.com\/wordpress\/plugins\/seo\/ -->\n<title>Plastic Bonsai Round Planter Pot - Ronbo Sunrise Pots &amp; Planters<\/title>\n<meta name=\"robots\" content=\"index, follow, max-snippet:-1, max-image-preview:large, max-video-preview:-1\" \/>\n<link rel=\"canonical\" href=\"http:\/\/www.ronboplastic.com\/es\/producto\/maceta-redonda-de-plastico-para-bonsai\/\" \/>\n<meta property=\"og:locale\" content=\"es_ES\" \/>\n<meta property=\"og:type\" content=\"article\" \/>\n<meta property=\"og:title\" content=\"Plastic Bonsai Round Planter Pot - Ronbo Sunrise Pots &amp; Planters\" \/>\n<meta property=\"og:description\" content=\"Let&#039;s face it, who wants to haul around a heavy stone or ceramic pot? That&#039;s why we have the largest selection of durable, high-quality plastic plant containers around, from large plastic pots fit for trees to small plastic flower pots. These lightweight pots are a dream come true for any plant enthusiast. We even carry plastic containers that have that beautiful stone, cement, or clay-style finish you desire (your friends will never know the difference and your back will thank you!).\" \/>\n<meta property=\"og:url\" content=\"http:\/\/www.ronboplastic.com\/es\/producto\/maceta-redonda-de-plastico-para-bonsai\/\" \/>\n<meta property=\"og:site_name\" content=\"Ronbo Sunrise Pots &amp; Planters\" \/>\n<meta property=\"article:modified_time\" content=\"2025-09-08T06:16:25+00:00\" \/>\n<meta property=\"og:image\" content=\"https:\/\/www.ronboplastic.com\/wp-content\/uploads\/2025\/09\/1-6.jpg\" \/>\n\t<meta property=\"og:image:width\" content=\"800\" \/>\n\t<meta property=\"og:image:height\" content=\"800\" \/>\n\t<meta property=\"og:image:type\" content=\"image\/jpeg\" \/>\n<meta name=\"twitter:card\" content=\"summary_large_image\" \/>\n<meta name=\"twitter:label1\" content=\"Tiempo de lectura\" \/>\n\t<meta name=\"twitter:data1\" content=\"2 minutos\" \/>\n<script type=\"application\/ld+json\" class=\"yoast-schema-graph\">{\"@context\":\"https:\/\/schema.org\",\"@graph\":[{\"@type\":\"WebPage\",\"@id\":\"http:\/\/www.ronboplastic.com\/ru\/%d0%bf%d1%80%d0%be%d0%b4%d1%83%d0%ba%d1%82\/plastic-bonsai-round-planter-pot\/\",\"url\":\"http:\/\/www.ronboplastic.com\/ru\/%d0%bf%d1%80%d0%be%d0%b4%d1%83%d0%ba%d1%82\/plastic-bonsai-round-planter-pot\/\",\"name\":\"Plastic Bonsai Round Planter Pot - Ronbo Sunrise Pots &amp; Planters\",\"isPartOf\":{\"@id\":\"https:\/\/www.ronboplastic.com\/#website\"},\"primaryImageOfPage\":{\"@id\":\"http:\/\/www.ronboplastic.com\/ru\/%d0%bf%d1%80%d0%be%d0%b4%d1%83%d0%ba%d1%82\/plastic-bonsai-round-planter-pot\/#primaryimage\"},\"image\":{\"@id\":\"http:\/\/www.ronboplastic.com\/ru\/%d0%bf%d1%80%d0%be%d0%b4%d1%83%d0%ba%d1%82\/plastic-bonsai-round-planter-pot\/#primaryimage\"},\"thumbnailUrl\":\"https:\/\/www.ronboplastic.com\/wp-content\/uploads\/2025\/09\/1-6.jpg\",\"datePublished\":\"2024-09-13T00:44:36+00:00\",\"dateModified\":\"2025-09-08T06:16:25+00:00\",\"breadcrumb\":{\"@id\":\"http:\/\/www.ronboplastic.com\/ru\/%d0%bf%d1%80%d0%be%d0%b4%d1%83%d0%ba%d1%82\/plastic-bonsai-round-planter-pot\/#breadcrumb\"},\"inLanguage\":\"es\",\"potentialAction\":[{\"@type\":\"ReadAction\",\"target\":[\"http:\/\/www.ronboplastic.com\/ru\/%d0%bf%d1%80%d0%be%d0%b4%d1%83%d0%ba%d1%82\/plastic-bonsai-round-planter-pot\/\"]}]},{\"@type\":\"ImageObject\",\"inLanguage\":\"es\",\"@id\":\"http:\/\/www.ronboplastic.com\/ru\/%d0%bf%d1%80%d0%be%d0%b4%d1%83%d0%ba%d1%82\/plastic-bonsai-round-planter-pot\/#primaryimage\",\"url\":\"https:\/\/www.ronboplastic.com\/wp-content\/uploads\/2025\/09\/1-6.jpg\",\"contentUrl\":\"https:\/\/www.ronboplastic.com\/wp-content\/uploads\/2025\/09\/1-6.jpg\",\"width\":800,\"height\":800,\"caption\":\"plastic material decorative planters\"},{\"@type\":\"BreadcrumbList\",\"@id\":\"http:\/\/www.ronboplastic.com\/ru\/%d0%bf%d1%80%d0%be%d0%b4%d1%83%d0%ba%d1%82\/plastic-bonsai-round-planter-pot\/#breadcrumb\",\"itemListElement\":[{\"@type\":\"ListItem\",\"position\":1,\"name\":\"\u9996\u9875\",\"item\":\"https:\/\/www.ronboplastic.com\/\"},{\"@type\":\"ListItem\",\"position\":2,\"name\":\"Products\",\"item\":\"http:\/\/www.ronboplastic.com\/products\/\"},{\"@type\":\"ListItem\",\"position\":3,\"name\":\"Plastic Bonsai Round Planter Pot\"}]},{\"@type\":\"WebSite\",\"@id\":\"https:\/\/www.ronboplastic.com\/#website\",\"url\":\"https:\/\/www.ronboplastic.com\/\",\"name\":\"Ronbo Sunrise Pots &amp; Planters\",\"description\":\"Flower Pots &amp; Planters\",\"potentialAction\":[{\"@type\":\"SearchAction\",\"target\":{\"@type\":\"EntryPoint\",\"urlTemplate\":\"https:\/\/www.ronboplastic.com\/?s={search_term_string}\"},\"query-input\":{\"@type\":\"PropertyValueSpecification\",\"valueRequired\":true,\"valueName\":\"search_term_string\"}}],\"inLanguage\":\"es\"}]}<\/script>\n<!-- \/ Yoast SEO plugin. -->","yoast_head_json":{"title":"Plastic Bonsai Round Planter Pot - Ronbo Sunrise Pots &amp; Planters","robots":{"index":"index","follow":"follow","max-snippet":"max-snippet:-1","max-image-preview":"max-image-preview:large","max-video-preview":"max-video-preview:-1"},"canonical":"http:\/\/www.ronboplastic.com\/es\/producto\/maceta-redonda-de-plastico-para-bonsai\/","og_locale":"es_ES","og_type":"article","og_title":"Plastic Bonsai Round Planter Pot - Ronbo Sunrise Pots &amp; Planters","og_description":"Let's face it, who wants to haul around a heavy stone or ceramic pot? That's why we have the largest selection of durable, high-quality plastic plant containers around, from large plastic pots fit for trees to small plastic flower pots. These lightweight pots are a dream come true for any plant enthusiast. We even carry plastic containers that have that beautiful stone, cement, or clay-style finish you desire (your friends will never know the difference and your back will thank you!).","og_url":"http:\/\/www.ronboplastic.com\/es\/producto\/maceta-redonda-de-plastico-para-bonsai\/","og_site_name":"Ronbo Sunrise Pots &amp; Planters","article_modified_time":"2025-09-08T06:16:25+00:00","og_image":[{"width":800,"height":800,"url":"https:\/\/www.ronboplastic.com\/wp-content\/uploads\/2025\/09\/1-6.jpg","type":"image\/jpeg"}],"twitter_card":"summary_large_image","twitter_misc":{"Tiempo de lectura":"2 minutos"},"schema":{"@context":"https:\/\/schema.org","@graph":[{"@type":"WebPage","@id":"http:\/\/www.ronboplastic.com\/ru\/%d0%bf%d1%80%d0%be%d0%b4%d1%83%d0%ba%d1%82\/plastic-bonsai-round-planter-pot\/","url":"http:\/\/www.ronboplastic.com\/ru\/%d0%bf%d1%80%d0%be%d0%b4%d1%83%d0%ba%d1%82\/plastic-bonsai-round-planter-pot\/","name":"Plastic Bonsai Round Planter Pot - Ronbo Sunrise Pots &amp; Planters","isPartOf":{"@id":"https:\/\/www.ronboplastic.com\/#website"},"primaryImageOfPage":{"@id":"http:\/\/www.ronboplastic.com\/ru\/%d0%bf%d1%80%d0%be%d0%b4%d1%83%d0%ba%d1%82\/plastic-bonsai-round-planter-pot\/#primaryimage"},"image":{"@id":"http:\/\/www.ronboplastic.com\/ru\/%d0%bf%d1%80%d0%be%d0%b4%d1%83%d0%ba%d1%82\/plastic-bonsai-round-planter-pot\/#primaryimage"},"thumbnailUrl":"https:\/\/www.ronboplastic.com\/wp-content\/uploads\/2025\/09\/1-6.jpg","datePublished":"2024-09-13T00:44:36+00:00","dateModified":"2025-09-08T06:16:25+00:00","breadcrumb":{"@id":"http:\/\/www.ronboplastic.com\/ru\/%d0%bf%d1%80%d0%be%d0%b4%d1%83%d0%ba%d1%82\/plastic-bonsai-round-planter-pot\/#breadcrumb"},"inLanguage":"es","potentialAction":[{"@type":"ReadAction","target":["http:\/\/www.ronboplastic.com\/ru\/%d0%bf%d1%80%d0%be%d0%b4%d1%83%d0%ba%d1%82\/plastic-bonsai-round-planter-pot\/"]}]},{"@type":"ImageObject","inLanguage":"es","@id":"http:\/\/www.ronboplastic.com\/ru\/%d0%bf%d1%80%d0%be%d0%b4%d1%83%d0%ba%d1%82\/plastic-bonsai-round-planter-pot\/#primaryimage","url":"https:\/\/www.ronboplastic.com\/wp-content\/uploads\/2025\/09\/1-6.jpg","contentUrl":"https:\/\/www.ronboplastic.com\/wp-content\/uploads\/2025\/09\/1-6.jpg","width":800,"height":800,"caption":"plastic material decorative planters"},{"@type":"BreadcrumbList","@id":"http:\/\/www.ronboplastic.com\/ru\/%d0%bf%d1%80%d0%be%d0%b4%d1%83%d0%ba%d1%82\/plastic-bonsai-round-planter-pot\/#breadcrumb","itemListElement":[{"@type":"ListItem","position":1,"name":"\u9996\u9875","item":"https:\/\/www.ronboplastic.com\/"},{"@type":"ListItem","position":2,"name":"Products","item":"http:\/\/www.ronboplastic.com\/products\/"},{"@type":"ListItem","position":3,"name":"Plastic Bonsai Round Planter Pot"}]},{"@type":"WebSite","@id":"https:\/\/www.ronboplastic.com\/#website","url":"https:\/\/www.ronboplastic.com\/","name":"Ronbo Sunrise Pots &amp; Planters","description":"Macetas y jardineras","potentialAction":[{"@type":"SearchAction","target":{"@type":"EntryPoint","urlTemplate":"https:\/\/www.ronboplastic.com\/?s={search_term_string}"},"query-input":{"@type":"PropertyValueSpecification","valueRequired":true,"valueName":"search_term_string"}}],"inLanguage":"es"}]}},"_links":{"self":[{"href":"http:\/\/www.ronboplastic.com\/es\/wp-json\/wp\/v2\/product\/8886","targetHints":{"allow":["GET"]}}],"collection":[{"href":"http:\/\/www.ronboplastic.com\/es\/wp-json\/wp\/v2\/product"}],"about":[{"href":"http:\/\/www.ronboplastic.com\/es\/wp-json\/wp\/v2\/types\/product"}],"replies":[{"embeddable":true,"href":"http:\/\/www.ronboplastic.com\/es\/wp-json\/wp\/v2\/comments?post=8886"}],"wp:featuredmedia":[{"embeddable":true,"href":"http:\/\/www.ronboplastic.com\/es\/wp-json\/wp\/v2\/media\/8890"}],"wp:attachment":[{"href":"http:\/\/www.ronboplastic.com\/es\/wp-json\/wp\/v2\/media?parent=8886"}],"wp:term":[{"taxonomy":"product_brand","embeddable":true,"href":"http:\/\/www.ronboplastic.com\/es\/wp-json\/wp\/v2\/product_brand?post=8886"},{"taxonomy":"product_cat","embeddable":true,"href":"http:\/\/www.ronboplastic.com\/es\/wp-json\/wp\/v2\/product_cat?post=8886"},{"taxonomy":"product_tag","embeddable":true,"href":"http:\/\/www.ronboplastic.com\/es\/wp-json\/wp\/v2\/product_tag?post=8886"}],"curies":[{"name":"wp","href":"https:\/\/api.w.org\/{rel}","templated":true}]}}